{"id":4144,"date":"2024-04-09T13:28:37","date_gmt":"2024-04-09T11:28:37","guid":{"rendered":"https:\/\/www.carbovation.de\/?page_id=4144"},"modified":"2024-04-09T14:44:26","modified_gmt":"2024-04-09T12:44:26","slug":"qsv","status":"publish","type":"page","link":"https:\/\/www.carbovation.de\/en\/qsv\/","title":{"rendered":"Qualit\u00e4tssicherungsvereinbarung (QSV)"},"content":{"rendered":"\n<p><strong>P r \u00e4 a m b e l<\/strong><br><br>Die carbovation gmbh strebt mit seinen Lieferanten eine qualitative und dauerhafte Gesch\u00e4ftspartnerschaft an. Ziel dieser Vereinbarung ist die vertragliche Festlegung der technischen und organisatorischen Voraussetzungen zwischen den Parteien, die zur Sicherung der Qualit\u00e4t der Produktentwicklung und der Produkte sowie zur Erreichung einer st\u00e4ndigen Qualit\u00e4tsverbesserung der Erzeugnisse, unter Beachtung der relevanten Umweltanforderungen, erforderlich sind.<br><\/p>\n\n\n\n<p><strong>1. Geltungsbereich<\/strong><\/p>\n\n\n\n<p class=\"has-text-align-left\">Die nachfolgenden Vereinbarungen gelten f\u00fcr Lieferungen und Leistungen vom Lieferanten<br>an die carbovation gmbh. Soweit zus\u00e4tzliche produktbezogene Vereinbarungen erforderlich sind, werden diese dokumentiert. Diese Vereinbarungen sind ebenfalls Vertragsbestandteile zwischen carbovation und dem<br>Lieferanten und gelten zus\u00e4tzlich zu den jeweiligen Liefervertr\u00e4gen.<br>Der Lieferant verpflichtet seine Unterlieferanten zur Einhaltung der von ihm \u00fcbernommenen<br>Rechte und Pflichten aus dieser Vereinbarung.<\/p>\n\n\n\n<p><strong>2. Qualit\u00e4tsziel<\/strong><br><br>Kundenzufriedenheit ist das oberste Ziel aller qualit\u00e4tssichernden Aktivit\u00e4ten. Alle<br>Lieferungen und Leistungen an carbovation und\/oder dessen Kunden m\u00fcssen den vereinbarten und gesetzli-chen Anforderungen gen\u00fcgen.<br>Der Lieferant und dessen Unterlieferanten sind dem Null-Fehler-Ziel verpflichtet. Der<br>Lieferant optimiert seine Leistungen kontinuierlich dahingehend. Dieses Ziel wird durch eine<br>konsequente Qualit\u00e4tsplanung und Serien\u00fcberwachung mit dem Schwerpunkt auf<br>Fehlervermeidung und st\u00e4ndiger Verbesserung angestrebt.<br><br><strong>3. Qualit\u00e4tsmanagement<\/strong><br><br>Der Lieferant sichert zu, dass das zum Zeitpunkt der Lieferanten-Freigabe vorhandene Managementsystem auch weiterhin aufrecht erhalten wird. Jede \u00c4nderung ist der carbovation mitzuteilen. <br><br><strong>4. Audits<\/strong><br><br>Bei auftretenden Qualit\u00e4tsproblemen oder im Rahmen der Optimierung von Prozessen ist<br>die carbovation gmbh nach vorheriger Abstimmung gestattet, ein Prozessaudit durch seine Mitarbeiter oder externe Dienstleister durchzuf\u00fchren. Treten Qualit\u00e4tsprobleme auf, die durch Unterlieferanten<br>verursacht werden, erm\u00f6glicht der Lieferant der carbovation gmbh bei Bedarf die Auditierung des<br>Unterlieferanten in Form eines Prozessaudits.<br><br><strong>5. Qualit\u00e4tsvorausplanung<\/strong><br><br>Der Grundsatz \u201eFehlervermeidung statt Fehlererkennung&#8221; wird vom Lieferanten prinzipiell<br>ber\u00fccksichtigt. Eine systematische Qualit\u00e4tsvorausplanung wird durchgef\u00fchrt.<br><br><strong>6. Herstellbarkeit<\/strong><br><br>Der Lieferant erh\u00e4lt von der carbovation gmbh mit der Bestellung technische Unterlagen. Der Lieferant ist verpflichtet auf alle Unterlagen (wie z.B. Zeichnungen, Pr\u00fcfvorschriften, Normen) hinzuweisen, die ihm unklar, fehlerhaft oder unvollst\u00e4ndig erscheinen. Die carbovation gmbh wird daraufhin entsprechende schriftliche An-weisungen erteilen oder ge\u00e4nderte Unterlagen zur Verf\u00fcgung stellen. Der Lieferant stellt \u00fcber ein internes Verteilersystem sicher, dass allen betroffenen Bereichen stets der letztg\u00fcltige Stand der von carbovation zu-gestellten Unterlagen zur Verf\u00fcgung steht. Unterlagen, die dem letztg\u00fcltigen Stand nicht mehr entsprechen, sind zu vernichten oder zur\u00fcckzusenden. Die Herstellbarkeit wird f\u00fcr alle neuen und ge\u00e4nderten Teile \/ Pro-dukte gepr\u00fcft. Probleme werden der carbovation gmbh rechtzeitig mitgeteilt.<br><br><strong>7. Pr\u00fcfplanung und Pr\u00fcfmittelplanung<\/strong><br><br>\u00dcber eine systematische Pr\u00fcfplanung und Pr\u00fcfmittelplanung stellt der Lieferant sicher, dass<br>bei neuen und\/oder ge\u00e4nderten Produkten, Fertigungsverfahren, usw.<br>&#8211; alle f\u00fcr die Qualit\u00e4t wesentlichen Merkmale erfasst sind,<br>&#8211; die anzuwendenden Pr\u00fcfverfahren und -h\u00e4ufigkeiten geeignet sind und<br>&#8211; die Pr\u00fcfmittel richtig konzipiert und rechtzeitig vor Nullserienbeginn verf\u00fcgbar sind.<br><br>Die f\u00fcr die Qualit\u00e4t wesentlichen Merkmale sind in den Zeichnungen und in Spezifikationen<br>enthalten. Die Festlegung von kritischen und signifikanten Produktmerkmalen, welche in der<br>Pr\u00fcfplanung und in der Pr\u00fcfmittelplanung besonders zu beachten sind, erfolgt unter<br>Ber\u00fccksichtigung der FMEA-Erkenntnisse in Abstimmung mit der carbovation gmbh.<br><br><em>Ein Pr\u00fcfplan enth\u00e4lt folgende Angaben:<\/em><br>&#8211; Stammdaten (wie Hersteller, Bezeichnung, Zeichnungs-Nr., technischer \u00c4nderungsstand)<br>&#8211; Dokumentationspflicht und Ersteller \/ Anwender \/ Datum<br>&#8211; Pr\u00fcfmerkmale<br>&#8211; Pr\u00fcfmittel<br>&#8211; Pr\u00fcfh\u00e4ufigkeit<br>&#8211; Pr\u00fcfmethode<br>&#8211; Pr\u00fcfart (quantitativ oder qualitativ)<br>&#8211; Stichprobengr\u00f6\u00dfe oder 100%-Pr\u00fcfung<br>&#8211; Abstellma\u00dfnahmen bei auftretenden Fehlern und Verantwortliche f\u00fcr die Durchf\u00fchrung<br><br><strong>8. Produktion \/ Serien\u00fcberwachung<\/strong><br><br>Die Qualit\u00e4t der bezogenen Materialien oder Teile wird durch entsprechende<br>Sicherungsma\u00dfnahmen gew\u00e4hrleistet (Pr\u00fcfzeugnisse, Stichproben etc.).<br>Der Lieferant sichert durch geeignete Pr\u00fcfmethoden, entsprechend seiner Pr\u00fcfplanung, eine<br>systematische \u00dcberwachung seiner Produktion. Durch die planm\u00e4\u00dfige \u00dcberpr\u00fcfung und<br>Dokumentation von Prozessparametern und Produktmerkmalen wird ein stabiler und f\u00e4higer<br>Produktionsablauf erreicht und somit die Qualit\u00e4t der hergestellten Produkte gesichert. Bei<br>Prozessst\u00f6rungen und Qualit\u00e4tsabweichungen werden die Ursachen analysiert,<br>Verbesserungsma\u00dfnahmen eingeleitet und ihre Wirksamkeit festgestellt.<br><br><strong>9. Serienlieferung<\/strong><br><br>Der Lieferant stellt die Versorgung von Teilen entsprechend den vereinbarten Liefermengen<br>und Terminen sicher. Zur Vermeidung von St\u00f6rungen und Maschinen- und<br>Werkzeugausf\u00e4llen unterh\u00e4lt der Lieferant eine vorbeugende Instandhaltung \/ Wartung.<br><strong>10. Bemusterung<\/strong><br><br>Die Bemusterung der Produkte soll vor Serienbeginn den Nachweis bringen, dass die in<br>Zeichnungen und Spezifikationen festgelegten Qualit\u00e4tsforderungen erreicht werden.<br>Die Bemusterung erfolgt gem\u00e4\u00df EN9102 oder in Anlehnung an VDA Band 2. Das anzuwendende<br>Verfahren und die Vorlagestufe werden mit dem Lieferanten vereinbart.<br><br><strong>11. Kennzeichnung, Lagerung und Verpackung<\/strong><br><br>Bez\u00fcglich der Kennzeichnung von Werkzeugen, Produkten, Teilen und Verpackungen sind<br>die mit der carbovation gmbh vereinbarten Festlegungen einzuhalten.<br><br>11.1. Der Lieferant kennzeichnet die Ware so, dass zu jeder Zeit, vom Wareneingang<br>durchg\u00e4ngig bis zum Warenausgang, eindeutig der Produktzustand und der<br>Pr\u00fcfzustand erkennbar ist.<br><br>11.2. Die einzelnen Ladungstr\u00e4ger mit versandfertiger Ware werden mit einem vollst\u00e4ndig<br>ausgef\u00fcllten Warenanh\u00e4nger versehen.<br><br>11.3. Die Kennzeichnung der Ware muss w\u00e4hrend des Transportes und der Lagerung<br>erkennbar sein.<br><br>11.4. Der Lieferant stellt sicher, dass die Produkte in geeigneten, mit der carbovation gmbh<br>abgestimmten und freigegebenen Transportmitteln angeliefert werden, um Besch\u00e4digungen zu vermeiden. <br><br>11.5. Sofern Werkzeuge erstellt wurden, welche in Besitz vom Lieferanten \u00fcbergegangen<br>sind. So m\u00fcssen diese mit speziellen Schildern versehen werden, die ausweisen,<br>dass es sich um das Eigentum der carbovation gmbh handelt.<br><br><strong>12. Fehlerhafte Teile<\/strong><br><br>Werden fehlerhafte oder suspekte Teile festgestellt, m\u00fcssen diese selektiert, gekennzeichnet<br>und separiert werden. Diese Durchf\u00fchrung orientiert sich an Kosten und Kapazit\u00e4ten (carbovation gmbh, Kun-de oder Dritte). Der Verursacher tr\u00e4gt die Kosten. Eine Vermischung mit Gutteilen muss ausgeschlossen wer-den um sicherzustellen, dass nur m\u00e4ngelfreie Vertragsgegenst\u00e4nde ausgeliefert werden.<br>Der Lieferant ist nur dann berechtigt Teile zu liefern, die abweichend von der Spezifikation<br>oder von Zeichnungsforderungen sind, wenn eine genehmigte Abweicherlaubnis vorliegt.<br><br><strong>13. Eingangspr\u00fcfung und M\u00e4ngelanzeige<\/strong><br><br>Die carbovation gmbh pr\u00fcft im Rahmen seiner M\u00f6glichkeiten, die vom Lieferanten bezogenen Produkte nach deren Erhalt auf deren Identit\u00e4t sowie auf \u00e4u\u00dferlich erkennbare Sch\u00e4den. Die carbovation gmbh wird von der Untersuchungs- und R\u00fcgepflicht (\u00a7377 HGB) befreit.<br><br><strong>14. Beanstandungen<\/strong><br><br>Auf Beanstandungen aufgrund fehlerhafter Lieferungen\/Leistungen reagiert der Lieferant<br>unverz\u00fcglich. Der Lieferant \u00fcbermittelt einen Bericht (3D\/8D-Report), der mindestens auf<br>nachstehende Punkte eingeht:<br>&#8211; Kenntnisnahme der Fehlerbeschreibung (R\u00fcckmeldung innerhalb von 24 Stunden)<br>&#8211; Eingeleitete Sofortma\u00dfnahmen (Schadensbegrenzung innerhalb von 48 Stunden)<br>&#8211; Fehlerursache (innerhalb von 14 Arbeitstagen)<br>&#8211; Abstellma\u00dfnahmen (Ursachenbeseitigung innerhalb von 60 Arbeitstagen), falls nicht<br>design-bedingt.<br><br><strong>15. R\u00fcckverfolgbarkeit und Dokumentation<\/strong><br><br>Der Lieferant verpflichtet sich, eine QS-Dokumentation nachweisen zu k\u00f6nnen, die f\u00fcr eine<br>R\u00fcckverfolgbarkeit bei Teilen mit besonderen Merkmalen erforderlich ist.<br>Im Falle eines festgestellten Fehlers muss eine R\u00fcckverfolgbarkeit derart m\u00f6glich sein, dass<br>eine Eingrenzung der Menge schadhafter Teile erfolgen kann. <br>F\u00fcr die Erstellung und Aufbewahrung von Dokumenten sind die Vorgaben des geltenden Handelsrecht zu be-r\u00fccksichtigen. Dokumente aus Luftfahrt, Raumfahrt und Defense, die insbesondere sicherheitsrelevante Merkmale betreffen, m\u00fcssen 15 Jahre, sonstige Dokumente mindestens 10 Jahre archiviert werden.<br>Der Lieferant wird carbovation gmbh im Falle einer Inanspruchnahme durch Dritte zu der Abwehr von Anspr\u00fc-chen Einsicht in die hierf\u00fcr einschl\u00e4gige Qualit\u00e4tsdokumentation gew\u00e4hren und diese, soweit f\u00fcr die F\u00fchrung des Entlastungsbeweises erforderlich, vor\u00fcbergehend zur Verf\u00fcgung stellen. Bei Gesch\u00e4ftsaufgabe sind alle <br>projektrelevanten technischen sowie kaufm\u00e4nnischen Dokumente der carbovation GmbH auszuh\u00e4ndigen.<br><br><strong>16. Geheimhaltung<\/strong><br><br>Die Parteien sichern einander zu, Informationen und Kenntnisse, die sie &#8211; wie auch immer \u2013<br>von der anderen Partei erlangt haben, geheim zu halten und nicht ohne schriftliche<br>Zustimmung dieser Partei Dritten zug\u00e4nglich zu machen oder f\u00fcr einen anderen Zweck zu<br>nutzen, zu dem sie \u00fcbermittelt wurden.<br>Diese Verpflichtung bleibt noch \u00fcber einen Zeitraum von 3 Jahren ab dem Zeitpunkt der<br>Beendigung dieser Vereinbarung bestehen.<br><br><strong>17. Schriftformerfordernis<\/strong><br><br>\u00c4nderungen oder Erg\u00e4nzungen dieser Vereinbarung bed\u00fcrfen zu ihrer Wirksamkeit der<br>Schriftform. Dies gilt auch f\u00fcr den Verzicht auf das Schriftformerfordernis.<br><br><strong>18. Geltung und Laufzeit<\/strong><br><br>Die vorliegende Vereinbarung tritt mit Annahme der Bestellung durch eine Bestell- bzw. Auftragsbest\u00e4tigung durch den Lieferanten in Kraft. Sie gilt auf unbestimmter Dauer und kann mit einer Frist von 6 Monaten sowohl vom Lieferanten als auch von der carbovation gmbh schriftlich durch einen eingeschriebenen Brief gek\u00fcndigt werden. Das Recht zur au\u00dferordentlichen K\u00fcndigung ist davon nicht betroffen. Die Beendigung dieser Verein-barung l\u00e4sst die Wirksamkeit laufender Liefervertr\u00e4ge bis zu deren vollst\u00e4ndigen Abwicklung unber\u00fchrt.<br><br><strong>19. Schlussbestimmungen, Recht, Gerichtsstand<\/strong><br><br>Sollten einzelne Bestimmungen dieses Vertrages unwirksam oder undurchf\u00fchrbar sein oder<br>nach Vertragsschluss unwirksam oder undurchf\u00fchrbar werden, bleibt davon die Wirksamkeit<br>des Vertrages im \u00dcbrigen unber\u00fchrt. An die Stelle der unwirksamen oder undurchf\u00fchrbaren<br>Bestimmung soll diejenige wirksame und durchf\u00fchrbare Regelung treten, deren Wirkungen<br>der wirtschaftlichen Zielsetzung am n\u00e4chsten kommen, die die Vertragsparteien mit der<br>unwirksamen bzw. undurchf\u00fchrbaren Bestimmung verfolgt haben. Die vorstehenden<br>Bestimmungen gelten entsprechend f\u00fcr den Fall, dass sich der Vertrag als l\u00fcckenhaft<br>erweist.<br>Die Vereinbarung unterliegt dem Recht der Bundesrepublik Deutschland, jedoch unter<br>Ausschluss des UN-Kaufrechts.<br>F\u00fcr alle vertraglichen und au\u00dfervertraglichen Streitigkeiten wird die \u00f6rtliche und<br>internationale ausschlie\u00dfliche Zust\u00e4ndigkeit am Gesch\u00e4ftssitz des Bestellers vereinbart.<br>Diese Zust\u00e4ndigkeit schlie\u00dft insbesondere auch jede andere Zust\u00e4ndigkeit aus, die wegen<br>eines pers\u00f6nlichen oder sachlichen Zusammenhangs gesetzlich vorgesehen ist.<br><br>PDF: <a href=\"https:\/\/www.carbovation.de\/wp-content\/uploads\/Qualitaetssicherungsvereinbarung-QSV-carbovation-gmbh-DVW-0173_A_A.pdf\" data-type=\"page\" data-id=\"3111\">QUALIT\u00c4TSSICHERUNGSVEREINBARUNG (QSV)<\/a><br><br>Stand: Dezember 2023<\/p>\n","protected":false},"excerpt":{"rendered":"<p>P r \u00e4 a m b e l Die carbovation gmbh strebt mit seinen Lieferanten eine qualitative und dauerhafte Gesch\u00e4ftspartnerschaft an. &#8230;<\/p>\n","protected":false},"author":8,"featured_media":0,"parent":0,"menu_order":0,"comment_status":"closed","ping_status":"closed","template":"","meta":{"footnotes":""},"class_list":["post-4144","page","type-page","status-publish","hentry"],"_links":{"self":[{"href":"https:\/\/www.carbovation.de\/en\/wp-json\/wp\/v2\/pages\/4144","targetHints":{"allow":["GET"]}}],"collection":[{"href":"https:\/\/www.carbovation.de\/en\/wp-json\/wp\/v2\/pages"}],"about":[{"href":"https:\/\/www.carbovation.de\/en\/wp-json\/wp\/v2\/types\/page"}],"author":[{"embeddable":true,"href":"https:\/\/www.carbovation.de\/en\/wp-json\/wp\/v2\/users\/8"}],"replies":[{"embeddable":true,"href":"https:\/\/www.carbovation.de\/en\/wp-json\/wp\/v2\/comments?post=4144"}],"version-history":[{"count":11,"href":"https:\/\/www.carbovation.de\/en\/wp-json\/wp\/v2\/pages\/4144\/revisions"}],"predecessor-version":[{"id":4158,"href":"https:\/\/www.carbovation.de\/en\/wp-json\/wp\/v2\/pages\/4144\/revisions\/4158"}],"wp:attachment":[{"href":"https:\/\/www.carbovation.de\/en\/wp-json\/wp\/v2\/media?parent=4144"}],"curies":[{"name":"wp","href":"https:\/\/api.w.org\/{rel}","templated":true}]}}